{"id":15,"date":"2024-09-29T13:31:26","date_gmt":"2024-09-29T13:31:26","guid":{"rendered":"https:\/\/fototraper.rafalnowosielski.com\/?page_id=15"},"modified":"2024-09-30T12:19:24","modified_gmt":"2024-09-30T12:19:24","slug":"fototraper-elk","status":"publish","type":"page","link":"https:\/\/fototraper.rafalnowosielski.com\/","title":{"rendered":"Fototraper Fotografia i Film"},"content":{"rendered":"\t\t<div data-elementor-type=\"wp-page\" data-elementor-id=\"15\" class=\"elementor elementor-15\">\n\t\t\t\t<div class=\"elementor-element elementor-element-1c803ca e-flex e-con-boxed e-con e-parent\" data-id=\"1c803ca\" data-element_type=\"container\">\n\t\t\t\t\t<div class=\"e-con-inner\">\n\t\t\t\t<div class=\"elementor-element elementor-element-21241bc elementor-widget__width-auto elementor-widget elementor-widget-heading\" data-id=\"21241bc\" data-element_type=\"widget\" data-widget_type=\"heading.default\">\n\t\t\t\t<div class=\"elementor-widget-container\">\n\t\t\t<h6 class=\"elementor-heading-title elementor-size-default\"><a href=\"https:\/\/www.rafalnowosielski.com\/\" target=\"_blank\">Fototraper - Fotografia i Film\n - Kliknij i Wejd\u017a! <\/a><\/h6>\t\t<\/div>\n\t\t\t\t<\/div>\n\t\t\t\t<div class=\"elementor-element elementor-element-7947068 elementor-widget elementor-widget-image\" data-id=\"7947068\" data-element_type=\"widget\" data-widget_type=\"image.default\">\n\t\t\t\t<div class=\"elementor-widget-container\">\n\t\t\t\t\t\t\t\t\t\t\t\t\t\t<a href=\"https:\/\/www.rafalnowosielski.com\" target=\"_blank\">\n\t\t\t\t\t\t\t<img fetchpriority=\"high\" decoding=\"async\" width=\"1024\" height=\"152\" src=\"https:\/\/fototraper.rafalnowosielski.com\/wp-content\/uploads\/2024\/09\/baner-1-1024x152.jpg\" class=\"attachment-large size-large wp-image-105\" alt=\"\" srcset=\"https:\/\/fototraper.rafalnowosielski.com\/wp-content\/uploads\/2024\/09\/baner-1-1024x152.jpg 1024w, https:\/\/fototraper.rafalnowosielski.com\/wp-content\/uploads\/2024\/09\/baner-1-300x44.jpg 300w, https:\/\/fototraper.rafalnowosielski.com\/wp-content\/uploads\/2024\/09\/baner-1-768x114.jpg 768w, https:\/\/fototraper.rafalnowosielski.com\/wp-content\/uploads\/2024\/09\/baner-1-1536x228.jpg 1536w, https:\/\/fototraper.rafalnowosielski.com\/wp-content\/uploads\/2024\/09\/baner-1-2048x303.jpg 2048w\" sizes=\"(max-width: 1024px) 100vw, 1024px\" \/>\t\t\t\t\t\t\t\t<\/a>\n\t\t\t\t\t\t\t\t\t\t\t\t\t<\/div>\n\t\t\t\t<\/div>\n\t\t\t\t\t<\/div>\n\t\t\t\t<\/div>\n\t\t<div class=\"elementor-element elementor-element-94cc7f8 e-flex e-con-boxed e-con e-parent\" data-id=\"94cc7f8\" data-element_type=\"container\">\n\t\t\t\t\t<div class=\"e-con-inner\">\n\t\t\t\t\t<\/div>\n\t\t\t\t<\/div>\n\t\t<div class=\"elementor-element elementor-element-063916e e-flex e-con-boxed e-con e-parent\" data-id=\"063916e\" data-element_type=\"container\">\n\t\t\t\t\t<div class=\"e-con-inner\">\n\t\t\t\t<div class=\"elementor-element elementor-element-0632e11 elementor-widget elementor-widget-text-editor\" data-id=\"0632e11\" data-element_type=\"widget\" data-widget_type=\"text-editor.default\">\n\t\t\t\t<div class=\"elementor-widget-container\">\n\t\t\t\t\t\t\t<p><span style=\"color: #cfcfcf;\">fotograf \u015blubny E\u0142k fotograf \u015blubny Bia\u0142ystok fotograf \u015blubny Olsztyn fotograf \u015blubny Mr\u0105gowo fotograf \u015blubny Gi\u017cycko fotograf \u015blubny \u0141om\u017ca fotograf \u015blubny Suwa\u0142ki fotograf \u015blubny August\u00f3w fotograf \u015blubny W\u0119gorzewo fotograf \u015blubny Ciechan\u00f3w fotograf \u015blubny K\u0119trzyn fotograf \u015blubny Sejny fotograf \u015blubny Ryn fotograf \u015blubny Pisz fotograf \u015blubny Orzysz fotograf \u015blubny Zambr\u00f3w fotograf \u015blubny Go\u0142dap fotograf \u015blubny Olecko fotograf \u015blubny Kolno fotograf \u015blubny Goni\u0105dz fotograf \u015blubny Mi\u0142om\u0142yn fotograf \u015blubny Dobre Miasto fotograf \u015blubny \u0141apy fotograf \u015blubny Dzia\u0142dowo fotograf \u015blubny Lubawa<\/span> <\/p>\t\t\t\t\t\t<\/div>\n\t\t\t\t<\/div>\n\t\t\t\t\t<\/div>\n\t\t\t\t<\/div>\n\t\t\t\t<\/div>\n\t\t","protected":false},"excerpt":{"rendered":"<p>Fototraper &#8211; Fotografia i Film &#8211; Kliknij i Wejd\u017a! fotograf \u015blubny E\u0142k fotograf \u015blubny Bia\u0142ystok fotograf \u015blubny Olsztyn fotograf \u015blubny Mr\u0105gowo fotograf \u015blubny Gi\u017cycko fotograf \u015blubny \u0141om\u017ca fotograf \u015blubny Suwa\u0142ki fotograf \u015blubny August\u00f3w fotograf \u015blubny W\u0119gorzewo fotograf \u015blubny Ciechan\u00f3w fotograf \u015blubny K\u0119trzyn fotograf \u015blubny Sejny fotograf \u015blubny Ryn fotograf \u015blubny Pisz fotograf \u015blubny Orzysz fotograf&#8230;<\/p>\n","protected":false},"author":1,"featured_media":0,"parent":0,"menu_order":0,"comment_status":"closed","ping_status":"closed","template":"","meta":{"footnotes":""},"class_list":["post-15","page","type-page","status-publish","hentry"],"_links":{"self":[{"href":"https:\/\/fototraper.rafalnowosielski.com\/index.php\/wp-json\/wp\/v2\/pages\/15","targetHints":{"allow":["GET"]}}],"collection":[{"href":"https:\/\/fototraper.rafalnowosielski.com\/index.php\/wp-json\/wp\/v2\/pages"}],"about":[{"href":"https:\/\/fototraper.rafalnowosielski.com\/index.php\/wp-json\/wp\/v2\/types\/page"}],"author":[{"embeddable":true,"href":"https:\/\/fototraper.rafalnowosielski.com\/index.php\/wp-json\/wp\/v2\/users\/1"}],"replies":[{"embeddable":true,"href":"https:\/\/fototraper.rafalnowosielski.com\/index.php\/wp-json\/wp\/v2\/comments?post=15"}],"version-history":[{"count":129,"href":"https:\/\/fototraper.rafalnowosielski.com\/index.php\/wp-json\/wp\/v2\/pages\/15\/revisions"}],"predecessor-version":[{"id":151,"href":"https:\/\/fototraper.rafalnowosielski.com\/index.php\/wp-json\/wp\/v2\/pages\/15\/revisions\/151"}],"wp:attachment":[{"href":"https:\/\/fototraper.rafalnowosielski.com\/index.php\/wp-json\/wp\/v2\/media?parent=15"}],"curies":[{"name":"wp","href":"https:\/\/api.w.org\/{rel}","templated":true}]}}